














{"id":51,"date":"2022-10-12T10:41:16","date_gmt":"2022-10-12T07:41:16","guid":{"rendered":"https:\/\/www.retouchhair.com\/fr\/?page_id=51"},"modified":"2022-10-27T13:35:03","modified_gmt":"2022-10-27T10:35:03","slug":"a-propos-de-nous","status":"publish","type":"page","link":"https:\/\/www.retouchhair.com\/fr\/a-propos-de-nous\/","title":{"rendered":"\u00c0 PROPOS DE NOUS"},"content":{"rendered":"<img loading=\"lazy\" decoding=\"async\" class=\"alignnone size-medium wp-image-54\" src=\"https:\/\/www.retouchhair.com\/fr\/wp-content\/uploads\/2022\/10\/hakkimizda.png\" alt=\"\" width=\"730\" height=\"517\">\r\n\r\nRetouchbody est une entreprise de tourisme de sant\u00e9 bas\u00e9e \u00e0 Istanbul. Elle op\u00e8re \u00e0 l&#8217;\u00e9chelle internationale depuis 2010 et fournit des services telles que la greffe de cheveux, la chirurgie plastique, les traitements dentaires et la r\u00e9duction de l&#8217;estomac. Retouchbody, est class\u00e9e parmi les premiers en Turquie et dans le monde, elle travaille en collaboration avec des chirurgiens experts dans le domaine. Bas\u00e9e \u00e0 Istanbul, elle planifie des op\u00e9rations avec des h\u00f4pitaux et des m\u00e9decins accr\u00e9dit\u00e9s au niveau international. Retouchbody a des ann\u00e9es d&#8217;exp\u00e9rience dans le secteur, au service de patients du monde entier et de dizaines de pays diff\u00e9rents avec le principe de satisfaction mutuelle pour divers besoins de sant\u00e9. Des milliers de chirurgies ont \u00e9t\u00e9 effectu\u00e9es en toute s\u00e9curit\u00e9 avec des r\u00e9sultats positifs dans les op\u00e9rations pr\u00e9vues par le Retouchbody.\r\n\r\nRetouchbody poursuit ses activit\u00e9s \u00e0 Istanbul avec le principe d&#8217;un service abordable et de qualit\u00e9. L&#8217;entreprise, qui compte des chirurgiens experts dans son domaine, \u00e9labore des plans d&#8217;op\u00e9ration en fonction de vos besoins. Le processus de traitement et de soins est g\u00e9r\u00e9 de mani\u00e8re professionnelle, en privil\u00e9giant la sant\u00e9, la s\u00e9curit\u00e9 et la confidentialit\u00e9 des patients. Chaque \u00e9tape de la planification de ce processus pr\u00e9par\u00e9e en fonction des besoins, des demandes et des suggestions de nos patients est sous le contr\u00f4le de l&#8217;\u00e9quipe professionnelle de Retouchbody.\r\n\r\nRetouchbody, qui poursuit ses activit\u00e9s en tant qu&#8217;entreprise leader du secteur ; travaille avec les principes de la discipline, du travail ponctuel, de la s\u00e9curit\u00e9 des patients, de la pleine satisfaction de leurs besoins et bien s\u00fbr du meilleur prix.","protected":false},"excerpt":{"rendered":"Retouchbody est une entreprise de tourisme de sant\u00e9 bas\u00e9e \u00e0 Istanbul. Elle op\u00e8re \u00e0 l&#8217;\u00e9chelle internationale depuis 2010 et fournit des services telles que la greffe de cheveux, la chirurgie plastique, les traitements dentaires et la r\u00e9duction de l&#8217;estomac. Retouchbody, est class\u00e9e parmi les premiers en Turquie et dans le monde, elle travaille en collaboration [&hellip;]","protected":false},"author":1,"featured_media":0,"parent":0,"menu_order":0,"comment_status":"closed","ping_status":"closed","template":"","meta":{"ngg_post_thumbnail":0,"footnotes":""},"class_list":["post-51","page","type-page","status-publish","hentry"],"_links":{"self":[{"href":"https:\/\/www.retouchhair.com\/fr\/wp-json\/wp\/v2\/pages\/51","targetHints":{"allow":["GET"]}}],"collection":[{"href":"https:\/\/www.retouchhair.com\/fr\/wp-json\/wp\/v2\/pages"}],"about":[{"href":"https:\/\/www.retouchhair.com\/fr\/wp-json\/wp\/v2\/types\/page"}],"author":[{"embeddable":true,"href":"https:\/\/www.retouchhair.com\/fr\/wp-json\/wp\/v2\/users\/1"}],"replies":[{"embeddable":true,"href":"https:\/\/www.retouchhair.com\/fr\/wp-json\/wp\/v2\/comments?post=51"}],"version-history":[{"count":3,"href":"https:\/\/www.retouchhair.com\/fr\/wp-json\/wp\/v2\/pages\/51\/revisions"}],"predecessor-version":[{"id":244,"href":"https:\/\/www.retouchhair.com\/fr\/wp-json\/wp\/v2\/pages\/51\/revisions\/244"}],"wp:attachment":[{"href":"https:\/\/www.retouchhair.com\/fr\/wp-json\/wp\/v2\/media?parent=51"}],"curies":[{"name":"wp","href":"https:\/\/api.w.org\/{rel}","templated":true}]}}