{"id":51,"date":"2022-10-12T10:41:16","date_gmt":"2022-10-12T07:41:16","guid":{"rendered":"https:\/\/www.retouchhair.com\/es\/?page_id=51"},"modified":"2022-11-21T14:08:42","modified_gmt":"2022-11-21T11:08:42","slug":"sobre-nosotros","status":"publish","type":"page","link":"https:\/\/www.retouchhair.com\/es\/sobre-nosotros\/","title":{"rendered":"SOBRE NOSOTROS"},"content":{"rendered":"<img loading=\"lazy\" decoding=\"async\" class=\"alignnone size-medium wp-image-54\" src=\"https:\/\/www.retouchhair.com\/es\/wp-content\/uploads\/2022\/10\/hakkimizda.png\" alt=\"\" width=\"730\" height=\"517\">\r\n\r\nRetouchbody es una empresa de turismo de salud con sede en Estambul. La firma ha estado operando internacionalmente desde 2010 y brinda servicios en operaciones como trasplante de cabello, cirug\u00eda pl\u00e1stica, tratamientos dentales y reducci\u00f3n de est\u00f3mago.\r\n\r\nRetouchbody, est\u00e1 en la cima en Turqu\u00eda y el mundo, y contin\u00faa trabajando en colaboraci\u00f3n con cirujanos expertos en el campo. Desde Estambul, planifica operaciones con hospitales y m\u00e9dicos acreditados internacionalmente. Retouchbody cuenta con a\u00f1os de experiencia en el sector, atendiendo a pacientes de todo el mundo con el principio de satisfacci\u00f3n mutua para diversas necesidades de salud. Miles de cirug\u00edas que fueron planificadas se realizaron de manera segura y con resultados exitosos por Retouchbody.\r\n\r\nRetouchbody contin\u00faa sus actividades en Estambul con el lema de servicio asequible y de calidad. La empresa, que cuenta con cirujanos expertos en su campo, efect\u00faa planes de operaci\u00f3n de acuerdo con sus necesidades. Los servicios que ofrecemos son manejados profesionalmente por nuestra empresa, priorizando la salud, seguridad y confidencialidad de los pacientes. Cada etapa de la planificaci\u00f3n del turismo de salud que se elaboran de acuerdo con las necesidades, demandas y sugerencias de nuestros pacientes est\u00e1 bajo el control del equipo de expertos de Retouchbody.\r\n\r\nContinuando con su actividad como empresa l\u00edder en el sector, Retouchbody; Trabaja con los principios de disciplina, puntualidad en el trabajo, seguridad y satisfacci\u00f3n total de las necesidades del paciente al precio m\u00e1s accesible.","protected":false},"excerpt":{"rendered":"Retouchbody es una empresa de turismo de salud con sede en Estambul. La firma ha estado operando internacionalmente desde 2010 y brinda servicios en operaciones como trasplante de cabello, cirug\u00eda pl\u00e1stica, tratamientos dentales y reducci\u00f3n de est\u00f3mago. Retouchbody, est\u00e1 en la cima en Turqu\u00eda y el mundo, y contin\u00faa trabajando en colaboraci\u00f3n con cirujanos expertos [&hellip;]","protected":false},"author":1,"featured_media":0,"parent":0,"menu_order":0,"comment_status":"closed","ping_status":"closed","template":"","meta":{"ngg_post_thumbnail":0,"footnotes":""},"class_list":["post-51","page","type-page","status-publish","hentry"],"aioseo_notices":[],"_links":{"self":[{"href":"https:\/\/www.retouchhair.com\/es\/wp-json\/wp\/v2\/pages\/51","targetHints":{"allow":["GET"]}}],"collection":[{"href":"https:\/\/www.retouchhair.com\/es\/wp-json\/wp\/v2\/pages"}],"about":[{"href":"https:\/\/www.retouchhair.com\/es\/wp-json\/wp\/v2\/types\/page"}],"author":[{"embeddable":true,"href":"https:\/\/www.retouchhair.com\/es\/wp-json\/wp\/v2\/users\/1"}],"replies":[{"embeddable":true,"href":"https:\/\/www.retouchhair.com\/es\/wp-json\/wp\/v2\/comments?post=51"}],"version-history":[{"count":5,"href":"https:\/\/www.retouchhair.com\/es\/wp-json\/wp\/v2\/pages\/51\/revisions"}],"predecessor-version":[{"id":240,"href":"https:\/\/www.retouchhair.com\/es\/wp-json\/wp\/v2\/pages\/51\/revisions\/240"}],"wp:attachment":[{"href":"https:\/\/www.retouchhair.com\/es\/wp-json\/wp\/v2\/media?parent=51"}],"curies":[{"name":"wp","href":"https:\/\/api.w.org\/{rel}","templated":true}]}}